{"id":851,"date":"2023-12-14T11:08:08","date_gmt":"2023-12-14T11:08:08","guid":{"rendered":"https:\/\/lucero.ai\/?page_id=851"},"modified":"2023-12-14T11:21:29","modified_gmt":"2023-12-14T11:21:29","slug":"eugenio-garcia","status":"publish","type":"page","link":"https:\/\/lucero.ai\/en\/eugenio-garcia\/","title":{"rendered":"Eugenio Garc\u00eda"},"content":{"rendered":"<p>Socio Fundador +5 empresas. Experiencia en direcci\u00f3n comercial y administraciones p\u00fablicas<\/p>","protected":false},"excerpt":{"rendered":"<p>Socio Fundador +5 empresas. Experiencia en direcci\u00f3n comercial y administraciones p\u00fablicas<\/p>","protected":false},"author":1,"featured_media":852,"parent":0,"menu_order":0,"comment_status":"closed","ping_status":"closed","template":"","meta":{"footnotes":""},"class_list":["post-851","page","type-page","status-publish","has-post-thumbnail","hentry"],"_links":{"self":[{"href":"https:\/\/lucero.ai\/en\/wp-json\/wp\/v2\/pages\/851","targetHints":{"allow":["GET"]}}],"collection":[{"href":"https:\/\/lucero.ai\/en\/wp-json\/wp\/v2\/pages"}],"about":[{"href":"https:\/\/lucero.ai\/en\/wp-json\/wp\/v2\/types\/page"}],"author":[{"embeddable":true,"href":"https:\/\/lucero.ai\/en\/wp-json\/wp\/v2\/users\/1"}],"replies":[{"embeddable":true,"href":"https:\/\/lucero.ai\/en\/wp-json\/wp\/v2\/comments?post=851"}],"version-history":[{"count":2,"href":"https:\/\/lucero.ai\/en\/wp-json\/wp\/v2\/pages\/851\/revisions"}],"predecessor-version":[{"id":858,"href":"https:\/\/lucero.ai\/en\/wp-json\/wp\/v2\/pages\/851\/revisions\/858"}],"wp:featuredmedia":[{"embeddable":true,"href":"https:\/\/lucero.ai\/en\/wp-json\/wp\/v2\/media\/852"}],"wp:attachment":[{"href":"https:\/\/lucero.ai\/en\/wp-json\/wp\/v2\/media?parent=851"}],"curies":[{"name":"wp","href":"https:\/\/api.w.org\/{rel}","templated":true}]}}