{"id":725,"date":"2022-12-23T11:11:16","date_gmt":"2022-12-23T11:11:16","guid":{"rendered":"https:\/\/lucero.ai\/?page_id=725"},"modified":"2022-12-23T11:11:16","modified_gmt":"2022-12-23T11:11:16","slug":"cristian-canseco","status":"publish","type":"page","link":"https:\/\/lucero.ai\/en\/cristian-canseco\/","title":{"rendered":"Cristian Canseco"},"content":{"rendered":"<p>Arquitecto de Software y experto en Big Data.<\/p>\n<p>Ingeniero Inform\u00e1tico y M\u00e1ster en Ingeier\u00eda Inform\u00e1tica.<\/p>","protected":false},"excerpt":{"rendered":"<p>Arquitecto de Software y experto en Big Data. Ingeniero Inform\u00e1tico y M\u00e1ster en Ingeier\u00eda Inform\u00e1tica.<\/p>","protected":false},"author":1,"featured_media":683,"parent":0,"menu_order":0,"comment_status":"closed","ping_status":"closed","template":"","meta":{"footnotes":""},"class_list":["post-725","page","type-page","status-publish","has-post-thumbnail","hentry"],"_links":{"self":[{"href":"https:\/\/lucero.ai\/en\/wp-json\/wp\/v2\/pages\/725","targetHints":{"allow":["GET"]}}],"collection":[{"href":"https:\/\/lucero.ai\/en\/wp-json\/wp\/v2\/pages"}],"about":[{"href":"https:\/\/lucero.ai\/en\/wp-json\/wp\/v2\/types\/page"}],"author":[{"embeddable":true,"href":"https:\/\/lucero.ai\/en\/wp-json\/wp\/v2\/users\/1"}],"replies":[{"embeddable":true,"href":"https:\/\/lucero.ai\/en\/wp-json\/wp\/v2\/comments?post=725"}],"version-history":[{"count":1,"href":"https:\/\/lucero.ai\/en\/wp-json\/wp\/v2\/pages\/725\/revisions"}],"predecessor-version":[{"id":726,"href":"https:\/\/lucero.ai\/en\/wp-json\/wp\/v2\/pages\/725\/revisions\/726"}],"wp:featuredmedia":[{"embeddable":true,"href":"https:\/\/lucero.ai\/en\/wp-json\/wp\/v2\/media\/683"}],"wp:attachment":[{"href":"https:\/\/lucero.ai\/en\/wp-json\/wp\/v2\/media?parent=725"}],"curies":[{"name":"wp","href":"https:\/\/api.w.org\/{rel}","templated":true}]}}