{"id":653,"date":"2022-12-23T10:03:47","date_gmt":"2022-12-23T10:03:47","guid":{"rendered":"https:\/\/lucero.ai\/?page_id=653"},"modified":"2024-08-27T09:41:42","modified_gmt":"2024-08-27T09:41:42","slug":"conocenos","status":"publish","type":"page","link":"https:\/\/lucero.ai\/en\/conocenos\/","title":{"rendered":"About"},"content":{"rendered":"<p><strong>Our History: From Research to Cutting-Edge Technology<\/strong><\/p>\n<p><span style=\"color: #ff6600;\"><strong>LUCERO<\/strong><\/span> is a technology company that arose from the <strong>University of Le\u00f3n<\/strong>, where a group of researchers passionate about autonomous driving faced <strong>the challenge of digitizing roads with very high resolution<\/strong> for autonomous systems. This academic and scientific environment fostered innovation and disruptive thinking, being the perfect place for our team to develop the concepts that today are the heart of our company.\u00a0<\/p>\n<p><strong>Our Mission: Digitizing the present to shape the future<\/strong><\/p>\n<p>Since our inception, we have had a clear mission: to transform physical reality into very high resolution digital environments. We specialize in the creation of Digital Twins of roads, infrastructures and industries, which allow for unprecedented analysis and simulations. These Digital Twins are designed to optimize, predict and solve complex problems, both current and future, bringing value to various sectors and industries, from road networks to autonomous mobility.\u00a0<\/p>\n<p><strong>Our Team: Passion for Technology and Science<\/strong><\/p>\n<p>We are a multidisciplinary team of engineers, data scientists, artificial intelligence experts and entrepreneurs who share a common passion for science and technology. Each of us brings extensive experience in our respective fields, along with an unwavering desire to push the boundaries of what is possible.\u00a0\u00a0<\/p>\n\n<div class=\"wp-block-image\">\n<figure class=\"aligncenter size-full is-resized\"><img loading=\"lazy\" decoding=\"async\" width=\"498\" height=\"245\" src=\"https:\/\/lucero.ai\/wp-content\/uploads\/2023\/01\/MIC-1.jpg\" alt=\"\" class=\"wp-image-840\" style=\"width:509px;height:250px\" srcset=\"https:\/\/lucero.ai\/wp-content\/uploads\/2023\/01\/MIC-1.jpg 498w, https:\/\/lucero.ai\/wp-content\/uploads\/2023\/01\/MIC-1-300x148.jpg 300w, https:\/\/lucero.ai\/wp-content\/uploads\/2023\/01\/MIC-1-18x9.jpg 18w\" sizes=\"auto, (max-width: 498px) 100vw, 498px\" \/><figcaption class=\"wp-element-caption\">We are located at the Modulo de Invetigaci\u00f3n Cibern\u00e9tica (MIC), in Le\u00f3n, Spain. <\/figcaption><\/figure>\n<\/div>","protected":false},"excerpt":{"rendered":"<p>Nuestra Historia: De la Investigaci\u00f3n a la Tecnolog\u00eda de Vanguardia LUCERO es una empresa tecnol\u00f3gica que surge en el seno de la Universidad de Le\u00f3n, donde un grupo de investigadores apasionados por la conducci\u00f3n aut\u00f3noma afrontaba el reto de digitalizar los viales con muy alta resoluci\u00f3n para los sistemas aut\u00f3nomos. Este entorno acad\u00e9mico y cient\u00edfico, [&hellip;]<\/p>\n","protected":false},"author":1,"featured_media":0,"parent":0,"menu_order":0,"comment_status":"closed","ping_status":"closed","template":"","meta":{"footnotes":""},"class_list":["post-653","page","type-page","status-publish","hentry"],"_links":{"self":[{"href":"https:\/\/lucero.ai\/en\/wp-json\/wp\/v2\/pages\/653","targetHints":{"allow":["GET"]}}],"collection":[{"href":"https:\/\/lucero.ai\/en\/wp-json\/wp\/v2\/pages"}],"about":[{"href":"https:\/\/lucero.ai\/en\/wp-json\/wp\/v2\/types\/page"}],"author":[{"embeddable":true,"href":"https:\/\/lucero.ai\/en\/wp-json\/wp\/v2\/users\/1"}],"replies":[{"embeddable":true,"href":"https:\/\/lucero.ai\/en\/wp-json\/wp\/v2\/comments?post=653"}],"version-history":[{"count":6,"href":"https:\/\/lucero.ai\/en\/wp-json\/wp\/v2\/pages\/653\/revisions"}],"predecessor-version":[{"id":864,"href":"https:\/\/lucero.ai\/en\/wp-json\/wp\/v2\/pages\/653\/revisions\/864"}],"wp:attachment":[{"href":"https:\/\/lucero.ai\/en\/wp-json\/wp\/v2\/media?parent=653"}],"curies":[{"name":"wp","href":"https:\/\/api.w.org\/{rel}","templated":true}]}}