{"id":651,"date":"2022-12-23T10:02:54","date_gmt":"2022-12-23T10:02:54","guid":{"rendered":"https:\/\/lucero.ai\/?page_id=651"},"modified":"2023-02-15T09:35:58","modified_gmt":"2023-02-15T09:35:58","slug":"tecnologia","status":"publish","type":"page","link":"https:\/\/lucero.ai\/en\/tecnologia\/","title":{"rendered":"Technology"},"content":{"rendered":"<p><span style=\"color: #ff6600;\"><strong>LUCERO<\/strong><\/span> was conceived to solve one of the most basic needs of advanced autonomous systems (level 6), the <strong>generation of three-dimensional navigation environments<\/strong> with a very high level of detail and precision. It is essential to have a wide knowledge of the navigation area that allows the system to reach the <strong>awareness situation<\/strong> that enables autonomous movement. The research activity and the development work that was carried out allowed obtaining an <strong>algorithm<\/strong>\u00a0with unique features that allows <strong>automating the process<\/strong> of generating these three-dimensional navigation environments.<\/p>\n<p>We work with <span style=\"color: #ff6600;\"><strong>LiDAR technology<\/strong><\/span>, sensors that generate <strong>three-dimensional point clouds<\/strong> by laser. The characteristics of the algorithm and the associated tools that LUCERO has developed present a series of <strong>singularities<\/strong> that are <strong>unique<\/strong> at a global level, providing the company a technology with great potential and added value.\u00a0<\/p>\n<p>Generating these environments requires <strong>massive data processing<\/strong>, which in turn provide valuable information and allow the <strong>extraction of patterns <\/strong>from the environments, both <strong>static<\/strong> and <strong>dynamic<\/strong>, which translate into knowledge of very high added value. There are numerous uses and applications of this technology.<\/p>\n\n\n<figure class=\"wp-block-embed is-type-video is-provider-youtube wp-block-embed-youtube wp-embed-aspect-16-9 wp-has-aspect-ratio\"><div class=\"wp-block-embed__wrapper\">\n<iframe loading=\"lazy\" title=\"Generaci\u00f3n de Gemelos Digitales\" width=\"640\" height=\"360\" src=\"https:\/\/www.youtube.com\/embed\/zIGqYvivIFI?feature=oembed\" frameborder=\"0\" allow=\"accelerometer; autoplay; clipboard-write; encrypted-media; gyroscope; picture-in-picture; web-share\" referrerpolicy=\"strict-origin-when-cross-origin\" allowfullscreen><\/iframe>\n<\/div><figcaption class=\"wp-element-caption\">Generaci\u00f3n de Gemelos Digitales <\/figcaption><\/figure>\n\n\n<h2 style=\"text-align: center;\">Why is it such an important technology for mobility automation?&nbsp;<\/h2>\n<ol>\n<li><strong><span style=\"color: #ff6600;\">Every autonomous vehicle<\/span><\/strong> needs three-dimensional <strong><span style=\"color: #ff6600;\">maps<\/span> <\/strong>to navigate.<\/li>\n<li><strong><span style=\"color: #ff6600;\">Every city<\/span><\/strong> or region that wants to have autonomous vehicles will have to be <strong><span style=\"color: #ff6600;\">digitalized.<\/span><\/strong>.<\/li>\n<li>Digital twins are essential for the <span style=\"color: #ff6600;\"><strong>management of autonomous traffic<\/strong><\/span> and its infrastructures.<\/li>\n<\/ol>","protected":false},"excerpt":{"rendered":"<p>LUCERO fue concebida para resolver una de las necesidades m\u00e1s b\u00e1sicas de los sistemas aut\u00f3nomos avanzados (nivel 6),\u00a0\u00a0la generaci\u00f3n de entornos tridimensionales de navegaci\u00f3n de muy alto nivel de detalle y precisi\u00f3n. Es fundamental un conocimiento amplio de la zona de navegaci\u00f3n que permita al sistema alcanzar la situaci\u00f3n de conciencia que posibilite la circulaci\u00f3n [&hellip;]<\/p>\n","protected":false},"author":1,"featured_media":0,"parent":0,"menu_order":0,"comment_status":"closed","ping_status":"closed","template":"","meta":{"footnotes":""},"class_list":["post-651","page","type-page","status-publish","hentry"],"_links":{"self":[{"href":"https:\/\/lucero.ai\/en\/wp-json\/wp\/v2\/pages\/651","targetHints":{"allow":["GET"]}}],"collection":[{"href":"https:\/\/lucero.ai\/en\/wp-json\/wp\/v2\/pages"}],"about":[{"href":"https:\/\/lucero.ai\/en\/wp-json\/wp\/v2\/types\/page"}],"author":[{"embeddable":true,"href":"https:\/\/lucero.ai\/en\/wp-json\/wp\/v2\/users\/1"}],"replies":[{"embeddable":true,"href":"https:\/\/lucero.ai\/en\/wp-json\/wp\/v2\/comments?post=651"}],"version-history":[{"count":5,"href":"https:\/\/lucero.ai\/en\/wp-json\/wp\/v2\/pages\/651\/revisions"}],"predecessor-version":[{"id":848,"href":"https:\/\/lucero.ai\/en\/wp-json\/wp\/v2\/pages\/651\/revisions\/848"}],"wp:attachment":[{"href":"https:\/\/lucero.ai\/en\/wp-json\/wp\/v2\/media?parent=651"}],"curies":[{"name":"wp","href":"https:\/\/api.w.org\/{rel}","templated":true}]}}